{"id":1375,"date":"2025-11-12T19:07:05","date_gmt":"2025-11-12T19:07:05","guid":{"rendered":"https:\/\/aurorascandle.com\/?page_id=1375"},"modified":"2025-12-21T23:07:59","modified_gmt":"2025-12-21T23:07:59","slug":"cumpleanos-infantiles","status":"publish","type":"page","link":"https:\/\/aurorascandle.com\/es\/cumpleanos-infantiles\/","title":{"rendered":"Cumplea\u00f1os Infantiles"},"content":{"rendered":"<div class=\"wp-block-uagb-container uagb-block-adim3iyk alignfull uagb-is-root-container\"><div class=\"uagb-container-inner-blocks-wrap\">\n<div class=\"wp-block-uagb-info-box uagb-block-9h1fjfmj uagb-infobox__content-wrap  uagb-infobox-icon-above-title uagb-infobox-image-valign-top\"><div class=\"uagb-ifb-content\"><div class=\"uagb-ifb-title-wrap\"><h2 class=\"uagb-ifb-title\">FIESTAS DE CUMPLEA\u00d1OS INFANTILES<\/h2><\/div><p class=\"uagb-ifb-desc\">Cada sonrisa, cada risa y cada sue\u00f1o merece brillar con fuerza. En <strong>Aurora&#8217;s Candle<\/strong>, las velas de cumplea\u00f1os de nuestros ni\u00f1os llenan la celebraci\u00f3n de color, alegr\u00eda y magia, creando recuerdos felices que permanecer\u00e1n en sus corazones para siempre.<\/p><\/div><\/div>\n\n\n\n<div class=\"wp-block-uagb-container uagb-layout-grid uagb-block-ygf3l979\">\n<div class=\"wp-block-uagb-image alignleft uagb-block-wue523vi wp-block-uagb-image--layout-default wp-block-uagb-image--effect-static wp-block-uagb-image--align-left\"><figure class=\"wp-block-uagb-image__figure\"><img decoding=\"async\" srcset=\"https:\/\/aurorascandle.com\/wp-content\/uploads\/2025\/11\/WhatsApp-Image-2025-11-11-at-23.21.02-1024x723.jpeg ,https:\/\/aurorascandle.com\/wp-content\/uploads\/2025\/11\/WhatsApp-Image-2025-11-11-at-23.21.02.jpeg 780w, https:\/\/aurorascandle.com\/wp-content\/uploads\/2025\/11\/WhatsApp-Image-2025-11-11-at-23.21.02.jpeg 360w\" sizes=\"auto, (max-width: 480px) 150px\" src=\"https:\/\/aurorascandle.com\/wp-content\/uploads\/2025\/11\/WhatsApp-Image-2025-11-11-at-23.21.02-1024x723.jpeg\" alt=\"whatsapp image 2025 11 11 at 23.21.02\" class=\"uag-image-1382\" width=\"384\" height=\"384\" title=\"whatsapp image 2025 11 11 at 23.21.02\" loading=\"lazy\" role=\"img\"\/><\/figure><\/div>\n\n\n\n<div class=\"wp-block-uagb-image alignleft uagb-block-tvca95tw wp-block-uagb-image--layout-default wp-block-uagb-image--effect-static wp-block-uagb-image--align-left\"><figure class=\"wp-block-uagb-image__figure\"><img decoding=\"async\" srcset=\"https:\/\/aurorascandle.com\/wp-content\/uploads\/2025\/11\/WhatsApp-Image-2025-11-11-at-23.21.02-4-1024x652.jpeg ,https:\/\/aurorascandle.com\/wp-content\/uploads\/2025\/11\/WhatsApp-Image-2025-11-11-at-23.21.02-4.jpeg 780w, https:\/\/aurorascandle.com\/wp-content\/uploads\/2025\/11\/WhatsApp-Image-2025-11-11-at-23.21.02-4.jpeg 360w\" sizes=\"auto, (max-width: 480px) 150px\" src=\"https:\/\/aurorascandle.com\/wp-content\/uploads\/2025\/11\/WhatsApp-Image-2025-11-11-at-23.21.02-4-1024x652.jpeg\" alt=\"whatsapp image 2025 11 11 at 23.21.02 (4)\" class=\"uag-image-1381\" width=\"384\" height=\"384\" title=\"whatsapp image 2025 11 11 at 23.21.02 (4)\" loading=\"lazy\" role=\"img\"\/><\/figure><\/div>\n\n\n\n<div class=\"wp-block-uagb-image alignleft uagb-block-s8owt0zx wp-block-uagb-image--layout-default wp-block-uagb-image--effect-static wp-block-uagb-image--align-left\"><figure class=\"wp-block-uagb-image__figure\"><img decoding=\"async\" srcset=\"https:\/\/aurorascandle.com\/wp-content\/uploads\/2025\/11\/WhatsApp-Image-2025-11-11-at-23.21.02-3-1024x738.jpeg ,https:\/\/aurorascandle.com\/wp-content\/uploads\/2025\/11\/WhatsApp-Image-2025-11-11-at-23.21.02-3.jpeg 780w, https:\/\/aurorascandle.com\/wp-content\/uploads\/2025\/11\/WhatsApp-Image-2025-11-11-at-23.21.02-3.jpeg 360w\" sizes=\"auto, (max-width: 480px) 150px\" src=\"https:\/\/aurorascandle.com\/wp-content\/uploads\/2025\/11\/WhatsApp-Image-2025-11-11-at-23.21.02-3-1024x738.jpeg\" alt=\"whatsapp image 2025 11 11 at 23.21.02 (3)\" class=\"uag-image-1380\" width=\"384\" height=\"384\" title=\"whatsapp image 2025 11 11 at 23.21.02 (3)\" loading=\"lazy\" role=\"img\"\/><\/figure><\/div>\n\n\n\n<div class=\"wp-block-uagb-image alignleft uagb-block-v5gd8tgx wp-block-uagb-image--layout-default wp-block-uagb-image--effect-static wp-block-uagb-image--align-left\"><figure class=\"wp-block-uagb-image__figure\"><img decoding=\"async\" srcset=\"https:\/\/aurorascandle.com\/wp-content\/uploads\/2025\/11\/WhatsApp-Image-2025-11-11-at-23.21.02-2-1024x723.jpeg ,https:\/\/aurorascandle.com\/wp-content\/uploads\/2025\/11\/WhatsApp-Image-2025-11-11-at-23.21.02-2.jpeg 780w, https:\/\/aurorascandle.com\/wp-content\/uploads\/2025\/11\/WhatsApp-Image-2025-11-11-at-23.21.02-2.jpeg 360w\" sizes=\"auto, (max-width: 480px) 150px\" src=\"https:\/\/aurorascandle.com\/wp-content\/uploads\/2025\/11\/WhatsApp-Image-2025-11-11-at-23.21.02-2-1024x723.jpeg\" alt=\"whatsapp image 2025 11 11 at 23.21.02 (2)\" class=\"uag-image-1379\" width=\"384\" height=\"384\" title=\"whatsapp image 2025 11 11 at 23.21.02 (2)\" loading=\"lazy\" role=\"img\"\/><\/figure><\/div>\n\n\n\n<div class=\"wp-block-uagb-image alignleft uagb-block-pnakikgp wp-block-uagb-image--layout-default wp-block-uagb-image--effect-static wp-block-uagb-image--align-left\"><figure class=\"wp-block-uagb-image__figure\"><img decoding=\"async\" srcset=\"https:\/\/aurorascandle.com\/wp-content\/uploads\/2025\/11\/WhatsApp-Image-2025-11-11-at-23.21.02-1-1024x719.jpeg ,https:\/\/aurorascandle.com\/wp-content\/uploads\/2025\/11\/WhatsApp-Image-2025-11-11-at-23.21.02-1.jpeg 780w, https:\/\/aurorascandle.com\/wp-content\/uploads\/2025\/11\/WhatsApp-Image-2025-11-11-at-23.21.02-1.jpeg 360w\" sizes=\"auto, (max-width: 480px) 150px\" src=\"https:\/\/aurorascandle.com\/wp-content\/uploads\/2025\/11\/WhatsApp-Image-2025-11-11-at-23.21.02-1-1024x719.jpeg\" alt=\"whatsapp image 2025 11 11 at 23.21.02 (1)\" class=\"uag-image-1378\" width=\"384\" height=\"384\" title=\"whatsapp image 2025 11 11 at 23.21.02 (1)\" loading=\"lazy\" role=\"img\"\/><\/figure><\/div>\n\n\n\n<div class=\"wp-block-uagb-image alignleft uagb-block-4cp1cdad wp-block-uagb-image--layout-default wp-block-uagb-image--effect-static wp-block-uagb-image--align-left\"><figure class=\"wp-block-uagb-image__figure\"><img decoding=\"async\" srcset=\"https:\/\/aurorascandle.com\/wp-content\/uploads\/2025\/11\/WhatsApp-Image-2025-11-11-at-23.21.01-1-1024x717.jpeg ,https:\/\/aurorascandle.com\/wp-content\/uploads\/2025\/11\/WhatsApp-Image-2025-11-11-at-23.21.01-1.jpeg 780w, https:\/\/aurorascandle.com\/wp-content\/uploads\/2025\/11\/WhatsApp-Image-2025-11-11-at-23.21.01-1.jpeg 360w\" sizes=\"auto, (max-width: 480px) 150px\" src=\"https:\/\/aurorascandle.com\/wp-content\/uploads\/2025\/11\/WhatsApp-Image-2025-11-11-at-23.21.01-1-1024x717.jpeg\" alt=\"whatsapp image 2025 11 11 at 23.21.01 (1)\" class=\"uag-image-1376\" width=\"384\" height=\"384\" title=\"whatsapp image 2025 11 11 at 23.21.01 (1)\" loading=\"lazy\" role=\"img\"\/><\/figure><\/div>\n<\/div>\n<\/div><\/div>","protected":false},"excerpt":{"rendered":"","protected":false},"author":1,"featured_media":0,"parent":0,"menu_order":0,"comment_status":"closed","ping_status":"closed","template":"","meta":{"_uag_custom_page_level_css":"","site-sidebar-layout":"default","site-content-layout":"","ast-site-content-layout":"default","site-content-style":"default","site-sidebar-style":"default","ast-global-header-display":"","ast-banner-title-visibility":"","ast-main-header-display":"","ast-hfb-above-header-display":"","ast-hfb-below-header-display":"","ast-hfb-mobile-header-display":"","site-post-title":"disabled","ast-breadcrumbs-content":"","ast-featured-img":"","footer-sml-layout":"","theme-transparent-header-meta":"","adv-header-id-meta":"","stick-header-meta":"","header-above-stick-meta":"","header-main-stick-meta":"","header-below-stick-meta":"","astra-migrate-meta-layouts":"set","ast-page-background-enabled":"default","ast-page-background-meta":{"desktop":{"background-color":"var(--ast-global-color-4)","background-image":"","background-repeat":"repeat","background-position":"center center","background-size":"auto","background-attachment":"scroll","background-type":"","background-media":"","overlay-type":"","overlay-color":"","overlay-opacity":"","overlay-gradient":""},"tablet":{"background-color":"","background-image":"","background-repeat":"repeat","background-position":"center center","background-size":"auto","background-attachment":"scroll","background-type":"","background-media":"","overlay-type":"","overlay-color":"","overlay-opacity":"","overlay-gradient":""},"mobile":{"background-color":"","background-image":"","background-repeat":"repeat","background-position":"center center","background-size":"auto","background-attachment":"scroll","background-type":"","background-media":"","overlay-type":"","overlay-color":"","overlay-opacity":"","overlay-gradient":""}},"ast-content-background-meta":{"desktop":{"background-color":"var(--ast-global-color-5)","background-image":"","background-repeat":"repeat","background-position":"center center","background-size":"auto","background-attachment":"scroll","background-type":"","background-media":"","overlay-type":"","overlay-color":"","overlay-opacity":"","overlay-gradient":""},"tablet":{"background-color":"var(--ast-global-color-5)","background-image":"","background-repeat":"repeat","background-position":"center center","background-size":"auto","background-attachment":"scroll","background-type":"","background-media":"","overlay-type":"","overlay-color":"","overlay-opacity":"","overlay-gradient":""},"mobile":{"background-color":"var(--ast-global-color-5)","background-image":"","background-repeat":"repeat","background-position":"center center","background-size":"auto","background-attachment":"scroll","background-type":"","background-media":"","overlay-type":"","overlay-color":"","overlay-opacity":"","overlay-gradient":""}},"footnotes":""},"class_list":["post-1375","page","type-page","status-publish","hentry"],"_hostinger_reach_plugin_has_subscription_block":false,"_hostinger_reach_plugin_is_elementor":false,"uagb_featured_image_src":{"full":false,"thumbnail":false,"medium":false,"medium_large":false,"large":false,"1536x1536":false,"2048x2048":false,"trp-custom-language-flag":false},"uagb_author_info":{"display_name":"candleauroras@gmail.com","author_link":"https:\/\/aurorascandle.com\/es\/author\/candleaurorasgmail-com\/"},"uagb_comment_info":0,"uagb_excerpt":null,"_links":{"self":[{"href":"https:\/\/aurorascandle.com\/es\/wp-json\/wp\/v2\/pages\/1375","targetHints":{"allow":["GET"]}}],"collection":[{"href":"https:\/\/aurorascandle.com\/es\/wp-json\/wp\/v2\/pages"}],"about":[{"href":"https:\/\/aurorascandle.com\/es\/wp-json\/wp\/v2\/types\/page"}],"author":[{"embeddable":true,"href":"https:\/\/aurorascandle.com\/es\/wp-json\/wp\/v2\/users\/1"}],"replies":[{"embeddable":true,"href":"https:\/\/aurorascandle.com\/es\/wp-json\/wp\/v2\/comments?post=1375"}],"version-history":[{"count":4,"href":"https:\/\/aurorascandle.com\/es\/wp-json\/wp\/v2\/pages\/1375\/revisions"}],"predecessor-version":[{"id":1652,"href":"https:\/\/aurorascandle.com\/es\/wp-json\/wp\/v2\/pages\/1375\/revisions\/1652"}],"wp:attachment":[{"href":"https:\/\/aurorascandle.com\/es\/wp-json\/wp\/v2\/media?parent=1375"}],"curies":[{"name":"wp","href":"https:\/\/api.w.org\/{rel}","templated":true}]}}