{"id":1211,"date":"2025-10-31T00:35:15","date_gmt":"2025-10-31T00:35:15","guid":{"rendered":"https:\/\/aurorascandle.com\/?page_id=1211"},"modified":"2026-02-04T04:54:49","modified_gmt":"2026-02-04T04:54:49","slug":"valentines-day","status":"publish","type":"page","link":"https:\/\/aurorascandle.com\/es\/valentines-day\/","title":{"rendered":"D\u00eda de San Valent\u00edn"},"content":{"rendered":"<div class=\"wp-block-uagb-container uagb-block-o2lxxmfk alignfull uagb-is-root-container\"><div class=\"uagb-container-inner-blocks-wrap\">\n<div class=\"wp-block-uagb-info-box uagb-block-lnoj7n2d uagb-infobox__content-wrap  uagb-infobox-icon-above-title uagb-infobox-image-valign-top\"><div class=\"uagb-ifb-content\"><div class=\"uagb-ifb-title-wrap\"><h2 class=\"uagb-ifb-title\">D\u00eda de San Valent\u00edn<\/h2><\/div><p class=\"uagb-ifb-desc\">El amor se encuentra en los peque\u00f1os detalles, en los gestos sinceros y en los momentos compartidos.<br>En <strong>Auroras Candle<\/strong>Nuestras velas de Amor y Amistad est\u00e1n creadas para celebrar cada conexi\u00f3n especial, desde el romance que enciende el coraz\u00f3n hasta las amistades que iluminan la vida.<br><strong>Aurora&#8217;s Candle always uses natural products such as soy wax, beeswax and natural essences.<\/strong><\/p><\/div><\/div>\n\n\n\n<div class=\"wp-block-uagb-container uagb-layout-grid uagb-block-qbdild2k\">\n<div class=\"wp-block-uagb-image alignleft uagb-block-vkqgtmex wp-block-uagb-image--layout-default wp-block-uagb-image--effect-static wp-block-uagb-image--align-left\"><figure class=\"wp-block-uagb-image__figure\"><img decoding=\"async\" srcset=\"https:\/\/aurorascandle.com\/wp-content\/uploads\/2026\/02\/89-1-1024x1024.png ,https:\/\/aurorascandle.com\/wp-content\/uploads\/2026\/02\/89-1.png 780w, https:\/\/aurorascandle.com\/wp-content\/uploads\/2026\/02\/89-1.png 360w\" sizes=\"auto, (max-width: 480px) 150px\" src=\"https:\/\/aurorascandle.com\/wp-content\/uploads\/2026\/02\/89-1-1024x1024.png\" alt=\"89\" class=\"uag-image-1710\" width=\"384\" height=\"384\" title=\"89\" loading=\"lazy\" role=\"img\"\/><\/figure><\/div>\n\n\n\n<div class=\"wp-block-uagb-image alignleft uagb-block-aarepnqy wp-block-uagb-image--layout-default wp-block-uagb-image--effect-static wp-block-uagb-image--align-left\"><figure class=\"wp-block-uagb-image__figure\"><img decoding=\"async\" srcset=\"https:\/\/aurorascandle.com\/wp-content\/uploads\/2026\/02\/90-1-1024x1024.png ,https:\/\/aurorascandle.com\/wp-content\/uploads\/2026\/02\/90-1.png 780w, https:\/\/aurorascandle.com\/wp-content\/uploads\/2026\/02\/90-1.png 360w\" sizes=\"auto, (max-width: 480px) 150px\" src=\"https:\/\/aurorascandle.com\/wp-content\/uploads\/2026\/02\/90-1-1024x1024.png\" alt=\"90\" class=\"uag-image-1711\" width=\"384\" height=\"384\" title=\"90\" loading=\"lazy\" role=\"img\"\/><\/figure><\/div>\n\n\n\n<div class=\"wp-block-uagb-image alignleft uagb-block-ri3m4pwt wp-block-uagb-image--layout-default wp-block-uagb-image--effect-static wp-block-uagb-image--align-left\"><figure class=\"wp-block-uagb-image__figure\"><img decoding=\"async\" srcset=\"https:\/\/aurorascandle.com\/wp-content\/uploads\/2026\/02\/91-1-1024x1024.png ,https:\/\/aurorascandle.com\/wp-content\/uploads\/2026\/02\/91-1.png 780w, https:\/\/aurorascandle.com\/wp-content\/uploads\/2026\/02\/91-1.png 360w\" sizes=\"auto, (max-width: 480px) 150px\" src=\"https:\/\/aurorascandle.com\/wp-content\/uploads\/2026\/02\/91-1-1024x1024.png\" alt=\"91\" class=\"uag-image-1712\" width=\"384\" height=\"384\" title=\"91\" loading=\"lazy\" role=\"img\"\/><\/figure><\/div>\n\n\n\n<div class=\"wp-block-uagb-image alignleft uagb-block-nbxiwbcr wp-block-uagb-image--layout-default wp-block-uagb-image--effect-static wp-block-uagb-image--align-left\"><figure class=\"wp-block-uagb-image__figure\"><img decoding=\"async\" srcset=\"https:\/\/aurorascandle.com\/wp-content\/uploads\/2026\/02\/92-1-1024x1024.png ,https:\/\/aurorascandle.com\/wp-content\/uploads\/2026\/02\/92-1.png 780w, https:\/\/aurorascandle.com\/wp-content\/uploads\/2026\/02\/92-1.png 360w\" sizes=\"auto, (max-width: 480px) 150px\" src=\"https:\/\/aurorascandle.com\/wp-content\/uploads\/2026\/02\/92-1-1024x1024.png\" alt=\"92\" class=\"uag-image-1713\" width=\"384\" height=\"384\" title=\"92\" loading=\"lazy\" role=\"img\"\/><\/figure><\/div>\n\n\n\n<div class=\"wp-block-uagb-image alignleft uagb-block-3ucnhwp8 wp-block-uagb-image--layout-default wp-block-uagb-image--effect-static wp-block-uagb-image--align-left\"><figure class=\"wp-block-uagb-image__figure\"><img decoding=\"async\" srcset=\"https:\/\/aurorascandle.com\/wp-content\/uploads\/2026\/02\/93-1-1024x1024.png ,https:\/\/aurorascandle.com\/wp-content\/uploads\/2026\/02\/93-1.png 780w, https:\/\/aurorascandle.com\/wp-content\/uploads\/2026\/02\/93-1.png 360w\" sizes=\"auto, (max-width: 480px) 150px\" src=\"https:\/\/aurorascandle.com\/wp-content\/uploads\/2026\/02\/93-1-1024x1024.png\" alt=\"93\" class=\"uag-image-1714\" width=\"384\" height=\"384\" title=\"93\" loading=\"lazy\" role=\"img\"\/><\/figure><\/div>\n\n\n\n<div class=\"wp-block-uagb-image alignleft uagb-block-xtqqfi6i wp-block-uagb-image--layout-default wp-block-uagb-image--effect-static wp-block-uagb-image--align-left\"><figure class=\"wp-block-uagb-image__figure\"><img decoding=\"async\" srcset=\"https:\/\/aurorascandle.com\/wp-content\/uploads\/2026\/02\/94-1-1024x1024.png ,https:\/\/aurorascandle.com\/wp-content\/uploads\/2026\/02\/94-1.png 780w, https:\/\/aurorascandle.com\/wp-content\/uploads\/2026\/02\/94-1.png 360w\" sizes=\"auto, (max-width: 480px) 150px\" src=\"https:\/\/aurorascandle.com\/wp-content\/uploads\/2026\/02\/94-1-1024x1024.png\" alt=\"94\" class=\"uag-image-1715\" width=\"384\" height=\"384\" title=\"94\" loading=\"lazy\" role=\"img\"\/><\/figure><\/div>\n<\/div>\n\n\n\n<div class=\"wp-block-uagb-container uagb-layout-grid uagb-block-280df13f\">\n<div class=\"wp-block-uagb-image alignleft uagb-block-debebbc7 wp-block-uagb-image--layout-default wp-block-uagb-image--effect-static wp-block-uagb-image--align-left\"><figure class=\"wp-block-uagb-image__figure\"><img decoding=\"async\" srcset=\"https:\/\/aurorascandle.com\/wp-content\/uploads\/2026\/02\/95-1-1024x1024.png ,https:\/\/aurorascandle.com\/wp-content\/uploads\/2026\/02\/95-1.png 780w, https:\/\/aurorascandle.com\/wp-content\/uploads\/2026\/02\/95-1.png 360w\" sizes=\"auto, (max-width: 480px) 150px\" src=\"https:\/\/aurorascandle.com\/wp-content\/uploads\/2026\/02\/95-1-1024x1024.png\" alt=\"95\" class=\"uag-image-1716\" width=\"384\" height=\"384\" title=\"95\" loading=\"lazy\" role=\"img\"\/><\/figure><\/div>\n\n\n\n<div class=\"wp-block-uagb-image alignleft uagb-block-9770d381 wp-block-uagb-image--layout-default wp-block-uagb-image--effect-static wp-block-uagb-image--align-left\"><figure class=\"wp-block-uagb-image__figure\"><img decoding=\"async\" srcset=\"https:\/\/aurorascandle.com\/wp-content\/uploads\/2026\/02\/97-1-1024x1024.png ,https:\/\/aurorascandle.com\/wp-content\/uploads\/2026\/02\/97-1.png 780w, https:\/\/aurorascandle.com\/wp-content\/uploads\/2026\/02\/97-1.png 360w\" sizes=\"auto, (max-width: 480px) 150px\" src=\"https:\/\/aurorascandle.com\/wp-content\/uploads\/2026\/02\/97-1-1024x1024.png\" alt=\"97\" class=\"uag-image-1718\" width=\"384\" height=\"384\" title=\"97\" loading=\"lazy\" role=\"img\"\/><\/figure><\/div>\n\n\n\n<div class=\"wp-block-uagb-image alignleft uagb-block-a3526771 wp-block-uagb-image--layout-default wp-block-uagb-image--effect-static wp-block-uagb-image--align-left\"><figure class=\"wp-block-uagb-image__figure\"><img decoding=\"async\" srcset=\"https:\/\/aurorascandle.com\/wp-content\/uploads\/2026\/02\/98-1-1024x1024.png ,https:\/\/aurorascandle.com\/wp-content\/uploads\/2026\/02\/98-1.png 780w, https:\/\/aurorascandle.com\/wp-content\/uploads\/2026\/02\/98-1.png 360w\" sizes=\"auto, (max-width: 480px) 150px\" src=\"https:\/\/aurorascandle.com\/wp-content\/uploads\/2026\/02\/98-1-1024x1024.png\" alt=\"98\" class=\"uag-image-1719\" width=\"384\" height=\"384\" title=\"98\" loading=\"lazy\" role=\"img\"\/><\/figure><\/div>\n\n\n\n<div class=\"wp-block-uagb-image alignleft uagb-block-27544e2b wp-block-uagb-image--layout-default wp-block-uagb-image--effect-static wp-block-uagb-image--align-left\"><figure class=\"wp-block-uagb-image__figure\"><img decoding=\"async\" srcset=\"https:\/\/aurorascandle.com\/wp-content\/uploads\/2026\/02\/99-1-1024x1024.png ,https:\/\/aurorascandle.com\/wp-content\/uploads\/2026\/02\/99-1.png 780w, https:\/\/aurorascandle.com\/wp-content\/uploads\/2026\/02\/99-1.png 360w\" sizes=\"auto, (max-width: 480px) 150px\" src=\"https:\/\/aurorascandle.com\/wp-content\/uploads\/2026\/02\/99-1-1024x1024.png\" alt=\"99\" class=\"uag-image-1720\" width=\"384\" height=\"384\" title=\"99\" loading=\"lazy\" role=\"img\"\/><\/figure><\/div>\n\n\n\n<div class=\"wp-block-uagb-image alignleft uagb-block-af7362e5 wp-block-uagb-image--layout-default wp-block-uagb-image--effect-static wp-block-uagb-image--align-left\"><figure class=\"wp-block-uagb-image__figure\"><img decoding=\"async\" srcset=\"https:\/\/aurorascandle.com\/wp-content\/uploads\/2026\/02\/101-1-1024x1024.png ,https:\/\/aurorascandle.com\/wp-content\/uploads\/2026\/02\/101-1.png 780w, https:\/\/aurorascandle.com\/wp-content\/uploads\/2026\/02\/101-1.png 360w\" sizes=\"auto, (max-width: 480px) 150px\" src=\"https:\/\/aurorascandle.com\/wp-content\/uploads\/2026\/02\/101-1-1024x1024.png\" alt=\"101\" class=\"uag-image-1722\" width=\"384\" height=\"384\" title=\"101\" loading=\"lazy\" role=\"img\"\/><\/figure><\/div>\n\n\n\n<div class=\"wp-block-uagb-image alignleft uagb-block-d947277e wp-block-uagb-image--layout-default wp-block-uagb-image--effect-static wp-block-uagb-image--align-left\"><figure class=\"wp-block-uagb-image__figure\"><img decoding=\"async\" srcset=\"https:\/\/aurorascandle.com\/wp-content\/uploads\/2026\/02\/102-1-1024x1024.png ,https:\/\/aurorascandle.com\/wp-content\/uploads\/2026\/02\/102-1.png 780w, https:\/\/aurorascandle.com\/wp-content\/uploads\/2026\/02\/102-1.png 360w\" sizes=\"auto, (max-width: 480px) 150px\" src=\"https:\/\/aurorascandle.com\/wp-content\/uploads\/2026\/02\/102-1-1024x1024.png\" alt=\"102\" class=\"uag-image-1723\" width=\"384\" height=\"384\" title=\"102\" loading=\"lazy\" role=\"img\"\/><\/figure><\/div>\n<\/div>\n\n\n\n<div class=\"wp-block-uagb-container uagb-layout-grid uagb-block-24f01c40\">\n<div class=\"wp-block-uagb-image alignleft uagb-block-ed082e9f wp-block-uagb-image--layout-default wp-block-uagb-image--effect-static wp-block-uagb-image--align-left\"><figure class=\"wp-block-uagb-image__figure\"><img decoding=\"async\" srcset=\"https:\/\/aurorascandle.com\/wp-content\/uploads\/2026\/02\/103-1-1024x1024.png ,https:\/\/aurorascandle.com\/wp-content\/uploads\/2026\/02\/103-1.png 780w, https:\/\/aurorascandle.com\/wp-content\/uploads\/2026\/02\/103-1.png 360w\" sizes=\"auto, (max-width: 480px) 150px\" src=\"https:\/\/aurorascandle.com\/wp-content\/uploads\/2026\/02\/103-1-1024x1024.png\" alt=\"103\" class=\"uag-image-1724\" width=\"384\" height=\"384\" title=\"103\" loading=\"lazy\" role=\"img\"\/><\/figure><\/div>\n\n\n\n<div class=\"wp-block-uagb-image alignleft uagb-block-03436899 wp-block-uagb-image--layout-default wp-block-uagb-image--effect-static wp-block-uagb-image--align-left\"><figure class=\"wp-block-uagb-image__figure\"><img decoding=\"async\" srcset=\"https:\/\/aurorascandle.com\/wp-content\/uploads\/2026\/02\/105-1-1024x1024.png ,https:\/\/aurorascandle.com\/wp-content\/uploads\/2026\/02\/105-1.png 780w, https:\/\/aurorascandle.com\/wp-content\/uploads\/2026\/02\/105-1.png 360w\" sizes=\"auto, (max-width: 480px) 150px\" src=\"https:\/\/aurorascandle.com\/wp-content\/uploads\/2026\/02\/105-1-1024x1024.png\" alt=\"105\" class=\"uag-image-1726\" width=\"384\" height=\"384\" title=\"105\" loading=\"lazy\" role=\"img\"\/><\/figure><\/div>\n\n\n\n<div class=\"wp-block-uagb-image alignleft uagb-block-02d5b1c3 wp-block-uagb-image--layout-default wp-block-uagb-image--effect-static wp-block-uagb-image--align-left\"><figure class=\"wp-block-uagb-image__figure\"><img decoding=\"async\" srcset=\"https:\/\/aurorascandle.com\/wp-content\/uploads\/2026\/02\/104-1-1024x1024.png ,https:\/\/aurorascandle.com\/wp-content\/uploads\/2026\/02\/104-1.png 780w, https:\/\/aurorascandle.com\/wp-content\/uploads\/2026\/02\/104-1.png 360w\" sizes=\"auto, (max-width: 480px) 150px\" src=\"https:\/\/aurorascandle.com\/wp-content\/uploads\/2026\/02\/104-1-1024x1024.png\" alt=\"104\" class=\"uag-image-1725\" width=\"384\" height=\"384\" title=\"104\" loading=\"lazy\" role=\"img\"\/><\/figure><\/div>\n\n\n\n<div class=\"wp-block-uagb-image alignleft uagb-block-9860c8dd wp-block-uagb-image--layout-default wp-block-uagb-image--effect-static wp-block-uagb-image--align-left\"><figure class=\"wp-block-uagb-image__figure\"><img decoding=\"async\" srcset=\"https:\/\/aurorascandle.com\/wp-content\/uploads\/2026\/02\/107-1-1024x1024.png ,https:\/\/aurorascandle.com\/wp-content\/uploads\/2026\/02\/107-1.png 780w, https:\/\/aurorascandle.com\/wp-content\/uploads\/2026\/02\/107-1.png 360w\" sizes=\"auto, (max-width: 480px) 150px\" src=\"https:\/\/aurorascandle.com\/wp-content\/uploads\/2026\/02\/107-1-1024x1024.png\" alt=\"107\" class=\"uag-image-1728\" width=\"384\" height=\"384\" title=\"107\" loading=\"lazy\" role=\"img\"\/><\/figure><\/div>\n\n\n\n<div class=\"wp-block-uagb-image alignleft uagb-block-11d91372 wp-block-uagb-image--layout-default wp-block-uagb-image--effect-static wp-block-uagb-image--align-left\"><figure class=\"wp-block-uagb-image__figure\"><img decoding=\"async\" srcset=\"https:\/\/aurorascandle.com\/wp-content\/uploads\/2026\/02\/108-1-1024x1024.png ,https:\/\/aurorascandle.com\/wp-content\/uploads\/2026\/02\/108-1.png 780w, https:\/\/aurorascandle.com\/wp-content\/uploads\/2026\/02\/108-1.png 360w\" sizes=\"auto, (max-width: 480px) 150px\" src=\"https:\/\/aurorascandle.com\/wp-content\/uploads\/2026\/02\/108-1-1024x1024.png\" alt=\"108\" class=\"uag-image-1729\" width=\"384\" height=\"384\" title=\"108\" loading=\"lazy\" role=\"img\"\/><\/figure><\/div>\n\n\n\n<div class=\"wp-block-uagb-image alignleft uagb-block-4fe3b0ce wp-block-uagb-image--layout-default wp-block-uagb-image--effect-static wp-block-uagb-image--align-left\"><figure class=\"wp-block-uagb-image__figure\"><img decoding=\"async\" srcset=\"https:\/\/aurorascandle.com\/wp-content\/uploads\/2026\/02\/109-1-1024x1024.png ,https:\/\/aurorascandle.com\/wp-content\/uploads\/2026\/02\/109-1.png 780w, https:\/\/aurorascandle.com\/wp-content\/uploads\/2026\/02\/109-1.png 360w\" sizes=\"auto, (max-width: 480px) 150px\" src=\"https:\/\/aurorascandle.com\/wp-content\/uploads\/2026\/02\/109-1-1024x1024.png\" alt=\"109\" class=\"uag-image-1730\" width=\"384\" height=\"384\" title=\"109\" loading=\"lazy\" role=\"img\"\/><\/figure><\/div>\n<\/div>\n\n\n\n<div class=\"wp-block-uagb-container uagb-layout-grid uagb-block-2eef0830\">\n<div class=\"wp-block-uagb-image alignleft uagb-block-97372177 wp-block-uagb-image--layout-default wp-block-uagb-image--effect-static wp-block-uagb-image--align-left\"><figure class=\"wp-block-uagb-image__figure\"><img decoding=\"async\" srcset=\"https:\/\/aurorascandle.com\/wp-content\/uploads\/2026\/02\/110-1-1024x1024.png ,https:\/\/aurorascandle.com\/wp-content\/uploads\/2026\/02\/110-1.png 780w, https:\/\/aurorascandle.com\/wp-content\/uploads\/2026\/02\/110-1.png 360w\" sizes=\"auto, (max-width: 480px) 150px\" src=\"https:\/\/aurorascandle.com\/wp-content\/uploads\/2026\/02\/110-1-1024x1024.png\" alt=\"110\" class=\"uag-image-1731\" width=\"384\" height=\"384\" title=\"110\" loading=\"lazy\" role=\"img\"\/><\/figure><\/div>\n\n\n\n<div class=\"wp-block-uagb-image alignleft uagb-block-f501b30f wp-block-uagb-image--layout-default wp-block-uagb-image--effect-static wp-block-uagb-image--align-left\"><figure class=\"wp-block-uagb-image__figure\"><img decoding=\"async\" srcset=\"https:\/\/aurorascandle.com\/wp-content\/uploads\/2026\/02\/111-1-1024x1024.png ,https:\/\/aurorascandle.com\/wp-content\/uploads\/2026\/02\/111-1.png 780w, https:\/\/aurorascandle.com\/wp-content\/uploads\/2026\/02\/111-1.png 360w\" sizes=\"auto, (max-width: 480px) 150px\" src=\"https:\/\/aurorascandle.com\/wp-content\/uploads\/2026\/02\/111-1-1024x1024.png\" alt=\"111\" class=\"uag-image-1732\" width=\"384\" height=\"384\" title=\"111\" loading=\"lazy\" role=\"img\"\/><\/figure><\/div>\n\n\n\n<div class=\"wp-block-uagb-image alignleft uagb-block-3a76e843 wp-block-uagb-image--layout-default wp-block-uagb-image--effect-static wp-block-uagb-image--align-left\"><figure class=\"wp-block-uagb-image__figure\"><img decoding=\"async\" srcset=\"https:\/\/aurorascandle.com\/wp-content\/uploads\/2026\/02\/112-1-1024x1024.png ,https:\/\/aurorascandle.com\/wp-content\/uploads\/2026\/02\/112-1.png 780w, https:\/\/aurorascandle.com\/wp-content\/uploads\/2026\/02\/112-1.png 360w\" sizes=\"auto, (max-width: 480px) 150px\" src=\"https:\/\/aurorascandle.com\/wp-content\/uploads\/2026\/02\/112-1-1024x1024.png\" alt=\"112\" class=\"uag-image-1733\" width=\"384\" height=\"384\" title=\"112\" loading=\"lazy\" role=\"img\"\/><\/figure><\/div>\n<\/div>\n<\/div><\/div>","protected":false},"excerpt":{"rendered":"","protected":false},"author":1,"featured_media":0,"parent":0,"menu_order":0,"comment_status":"closed","ping_status":"closed","template":"","meta":{"_uag_custom_page_level_css":"","site-sidebar-layout":"default","site-content-layout":"","ast-site-content-layout":"default","site-content-style":"default","site-sidebar-style":"default","ast-global-header-display":"","ast-banner-title-visibility":"","ast-main-header-display":"","ast-hfb-above-header-display":"","ast-hfb-below-header-display":"","ast-hfb-mobile-header-display":"","site-post-title":"disabled","ast-breadcrumbs-content":"","ast-featured-img":"","footer-sml-layout":"","theme-transparent-header-meta":"","adv-header-id-meta":"","stick-header-meta":"","header-above-stick-meta":"","header-main-stick-meta":"","header-below-stick-meta":"","astra-migrate-meta-layouts":"set","ast-page-background-enabled":"default","ast-page-background-meta":{"desktop":{"background-color":"var(--ast-global-color-4)","background-image":"","background-repeat":"repeat","background-position":"center center","background-size":"auto","background-attachment":"scroll","background-type":"","background-media":"","overlay-type":"","overlay-color":"","overlay-opacity":"","overlay-gradient":""},"tablet":{"background-color":"","background-image":"","background-repeat":"repeat","background-position":"center center","background-size":"auto","background-attachment":"scroll","background-type":"","background-media":"","overlay-type":"","overlay-color":"","overlay-opacity":"","overlay-gradient":""},"mobile":{"background-color":"","background-image":"","background-repeat":"repeat","background-position":"center center","background-size":"auto","background-attachment":"scroll","background-type":"","background-media":"","overlay-type":"","overlay-color":"","overlay-opacity":"","overlay-gradient":""}},"ast-content-background-meta":{"desktop":{"background-color":"var(--ast-global-color-5)","background-image":"","background-repeat":"repeat","background-position":"center center","background-size":"auto","background-attachment":"scroll","background-type":"","background-media":"","overlay-type":"","overlay-color":"","overlay-opacity":"","overlay-gradient":""},"tablet":{"background-color":"var(--ast-global-color-5)","background-image":"","background-repeat":"repeat","background-position":"center center","background-size":"auto","background-attachment":"scroll","background-type":"","background-media":"","overlay-type":"","overlay-color":"","overlay-opacity":"","overlay-gradient":""},"mobile":{"background-color":"var(--ast-global-color-5)","background-image":"","background-repeat":"repeat","background-position":"center center","background-size":"auto","background-attachment":"scroll","background-type":"","background-media":"","overlay-type":"","overlay-color":"","overlay-opacity":"","overlay-gradient":""}},"footnotes":""},"class_list":["post-1211","page","type-page","status-publish","hentry"],"_hostinger_reach_plugin_has_subscription_block":false,"_hostinger_reach_plugin_is_elementor":false,"uagb_featured_image_src":{"full":false,"thumbnail":false,"medium":false,"medium_large":false,"large":false,"1536x1536":false,"2048x2048":false,"trp-custom-language-flag":false},"uagb_author_info":{"display_name":"candleauroras@gmail.com","author_link":"https:\/\/aurorascandle.com\/es\/author\/candleaurorasgmail-com\/"},"uagb_comment_info":0,"uagb_excerpt":null,"_links":{"self":[{"href":"https:\/\/aurorascandle.com\/es\/wp-json\/wp\/v2\/pages\/1211","targetHints":{"allow":["GET"]}}],"collection":[{"href":"https:\/\/aurorascandle.com\/es\/wp-json\/wp\/v2\/pages"}],"about":[{"href":"https:\/\/aurorascandle.com\/es\/wp-json\/wp\/v2\/types\/page"}],"author":[{"embeddable":true,"href":"https:\/\/aurorascandle.com\/es\/wp-json\/wp\/v2\/users\/1"}],"replies":[{"embeddable":true,"href":"https:\/\/aurorascandle.com\/es\/wp-json\/wp\/v2\/comments?post=1211"}],"version-history":[{"count":22,"href":"https:\/\/aurorascandle.com\/es\/wp-json\/wp\/v2\/pages\/1211\/revisions"}],"predecessor-version":[{"id":1737,"href":"https:\/\/aurorascandle.com\/es\/wp-json\/wp\/v2\/pages\/1211\/revisions\/1737"}],"wp:attachment":[{"href":"https:\/\/aurorascandle.com\/es\/wp-json\/wp\/v2\/media?parent=1211"}],"curies":[{"name":"wp","href":"https:\/\/api.w.org\/{rel}","templated":true}]}}