{"id":1208,"date":"2025-10-31T00:18:56","date_gmt":"2025-10-31T00:18:56","guid":{"rendered":"https:\/\/aurorascandle.com\/?page_id=1208"},"modified":"2025-12-23T06:10:24","modified_gmt":"2025-12-23T06:10:24","slug":"dia-de-las-madres","status":"publish","type":"page","link":"https:\/\/aurorascandle.com\/es\/dia-de-las-madres\/","title":{"rendered":"D\u00eda de la Madre"},"content":{"rendered":"<div class=\"wp-block-uagb-container uagb-block-it1mb79c alignfull uagb-is-root-container\"><div class=\"uagb-container-inner-blocks-wrap\">\n<div class=\"wp-block-uagb-info-box uagb-block-rz4i4git uagb-infobox__content-wrap  uagb-infobox-icon-above-title uagb-infobox-image-valign-top\"><div class=\"uagb-ifb-content\"><div class=\"uagb-ifb-title-wrap\"><h2 class=\"uagb-ifb-title\">D\u00eda de la Madre<\/h2><\/div><p class=\"uagb-ifb-desc\">El amor de una madre ilumina incluso los d\u00edas m\u00e1s oscuros. <strong>Aurora&#8217;s Candle<\/strong>Nuestras velas del D\u00eda de la Madre est\u00e1n creadas para honrar su ternura, su fuerza y \u200b\u200bsu luz inagotable. Un regalo fragante y c\u00e1lido para decir gracias, te amo y siempre est\u00e1s en mi coraz\u00f3n.<\/p><\/div><\/div>\n\n\n\n<div class=\"wp-block-uagb-container uagb-layout-grid uagb-block-kzzgmgm4\">\n<div class=\"wp-block-uagb-image alignleft uagb-block-6evcxlxi wp-block-uagb-image--layout-default wp-block-uagb-image--effect-static wp-block-uagb-image--align-left\"><figure class=\"wp-block-uagb-image__figure\"><img decoding=\"async\" srcset=\"https:\/\/aurorascandle.com\/wp-content\/uploads\/2025\/10\/10-de-mayo-2-1024x1024.png ,https:\/\/aurorascandle.com\/wp-content\/uploads\/2025\/10\/10-de-mayo-2.png 780w, https:\/\/aurorascandle.com\/wp-content\/uploads\/2025\/10\/10-de-mayo-2.png 360w\" sizes=\"auto, (max-width: 480px) 150px\" src=\"https:\/\/aurorascandle.com\/wp-content\/uploads\/2025\/10\/10-de-mayo-2-1024x1024.png\" alt=\"10 de mayo (2)\" class=\"uag-image-1199\" width=\"384\" height=\"384\" title=\"10 de mayo (2)\" loading=\"lazy\" role=\"img\"\/><\/figure><\/div>\n\n\n\n<div class=\"wp-block-uagb-image alignleft uagb-block-gf9lo9ew wp-block-uagb-image--layout-default wp-block-uagb-image--effect-static wp-block-uagb-image--align-left\"><figure class=\"wp-block-uagb-image__figure\"><img decoding=\"async\" srcset=\"https:\/\/aurorascandle.com\/wp-content\/uploads\/2025\/10\/10-de-mayo-3-1024x1024.png ,https:\/\/aurorascandle.com\/wp-content\/uploads\/2025\/10\/10-de-mayo-3.png 780w, https:\/\/aurorascandle.com\/wp-content\/uploads\/2025\/10\/10-de-mayo-3.png 360w\" sizes=\"auto, (max-width: 480px) 150px\" src=\"https:\/\/aurorascandle.com\/wp-content\/uploads\/2025\/10\/10-de-mayo-3-1024x1024.png\" alt=\"10 de mayo (3)\" class=\"uag-image-1201\" width=\"384\" height=\"384\" title=\"10 de mayo (3)\" loading=\"lazy\" role=\"img\"\/><\/figure><\/div>\n\n\n\n<div class=\"wp-block-uagb-image alignleft uagb-block-ocbtimqf wp-block-uagb-image--layout-default wp-block-uagb-image--effect-static wp-block-uagb-image--align-left\"><figure class=\"wp-block-uagb-image__figure\"><img decoding=\"async\" srcset=\"https:\/\/aurorascandle.com\/wp-content\/uploads\/2025\/11\/WhatsApp-Image-2025-11-13-at-01.10.26-1024x776.jpeg ,https:\/\/aurorascandle.com\/wp-content\/uploads\/2025\/11\/WhatsApp-Image-2025-11-13-at-01.10.26.jpeg 780w, https:\/\/aurorascandle.com\/wp-content\/uploads\/2025\/11\/WhatsApp-Image-2025-11-13-at-01.10.26.jpeg 360w\" sizes=\"auto, (max-width: 480px) 150px\" src=\"https:\/\/aurorascandle.com\/wp-content\/uploads\/2025\/11\/WhatsApp-Image-2025-11-13-at-01.10.26-1024x776.jpeg\" alt=\"whatsapp image 2025 11 13 at 01.10.26\" class=\"uag-image-1427\" width=\"384\" height=\"384\" title=\"whatsapp image 2025 11 13 at 01.10.26\" loading=\"lazy\" role=\"img\"\/><\/figure><\/div>\n\n\n\n<div class=\"wp-block-uagb-image alignleft uagb-block-yedemlcx wp-block-uagb-image--layout-default wp-block-uagb-image--effect-static wp-block-uagb-image--align-left\"><figure class=\"wp-block-uagb-image__figure\"><img decoding=\"async\" srcset=\"https:\/\/aurorascandle.com\/wp-content\/uploads\/2025\/10\/10-de-mayo-6-1024x1024.png ,https:\/\/aurorascandle.com\/wp-content\/uploads\/2025\/10\/10-de-mayo-6.png 780w, https:\/\/aurorascandle.com\/wp-content\/uploads\/2025\/10\/10-de-mayo-6.png 360w\" sizes=\"auto, (max-width: 480px) 150px\" src=\"https:\/\/aurorascandle.com\/wp-content\/uploads\/2025\/10\/10-de-mayo-6-1024x1024.png\" alt=\"10 de mayo (6)\" class=\"uag-image-1204\" width=\"384\" height=\"384\" title=\"10 de mayo (6)\" loading=\"lazy\" role=\"img\"\/><\/figure><\/div>\n\n\n\n<div class=\"wp-block-uagb-image alignleft uagb-block-ae6nezu2 wp-block-uagb-image--layout-default wp-block-uagb-image--effect-static wp-block-uagb-image--align-left\"><figure class=\"wp-block-uagb-image__figure\"><img decoding=\"async\" srcset=\"https:\/\/aurorascandle.com\/wp-content\/uploads\/2025\/11\/WhatsApp-Image-2025-11-04-at-02.54.34-700x1024.jpeg ,https:\/\/aurorascandle.com\/wp-content\/uploads\/2025\/11\/WhatsApp-Image-2025-11-04-at-02.54.34.jpeg 780w, https:\/\/aurorascandle.com\/wp-content\/uploads\/2025\/11\/WhatsApp-Image-2025-11-04-at-02.54.34.jpeg 360w\" sizes=\"auto, (max-width: 480px) 150px\" src=\"https:\/\/aurorascandle.com\/wp-content\/uploads\/2025\/11\/WhatsApp-Image-2025-11-04-at-02.54.34-700x1024.jpeg\" alt=\"whatsapp image 2025 11 04 at 02.54.34\" class=\"uag-image-1269\" width=\"384\" height=\"384\" title=\"whatsapp image 2025 11 04 at 02.54.34\" loading=\"lazy\" role=\"img\"\/><\/figure><\/div>\n\n\n\n<div class=\"wp-block-uagb-image alignleft uagb-block-71feomie wp-block-uagb-image--layout-default wp-block-uagb-image--effect-static wp-block-uagb-image--align-left\"><figure class=\"wp-block-uagb-image__figure\"><img decoding=\"async\" srcset=\"https:\/\/aurorascandle.com\/wp-content\/uploads\/2025\/10\/10-de-mayo-1024x1024.png ,https:\/\/aurorascandle.com\/wp-content\/uploads\/2025\/10\/10-de-mayo.png 780w, https:\/\/aurorascandle.com\/wp-content\/uploads\/2025\/10\/10-de-mayo.png 360w\" sizes=\"auto, (max-width: 480px) 150px\" src=\"https:\/\/aurorascandle.com\/wp-content\/uploads\/2025\/10\/10-de-mayo-1024x1024.png\" alt=\"10 de mayo\" class=\"uag-image-1206\" width=\"384\" height=\"384\" title=\"10 de mayo\" loading=\"lazy\" role=\"img\"\/><\/figure><\/div>\n<\/div>\n<\/div><\/div>","protected":false},"excerpt":{"rendered":"","protected":false},"author":1,"featured_media":0,"parent":0,"menu_order":0,"comment_status":"closed","ping_status":"closed","template":"","meta":{"_uag_custom_page_level_css":"","site-sidebar-layout":"default","site-content-layout":"","ast-site-content-layout":"default","site-content-style":"default","site-sidebar-style":"default","ast-global-header-display":"","ast-banner-title-visibility":"","ast-main-header-display":"","ast-hfb-above-header-display":"","ast-hfb-below-header-display":"","ast-hfb-mobile-header-display":"","site-post-title":"disabled","ast-breadcrumbs-content":"","ast-featured-img":"","footer-sml-layout":"","theme-transparent-header-meta":"","adv-header-id-meta":"","stick-header-meta":"","header-above-stick-meta":"","header-main-stick-meta":"","header-below-stick-meta":"","astra-migrate-meta-layouts":"set","ast-page-background-enabled":"default","ast-page-background-meta":{"desktop":{"background-color":"var(--ast-global-color-4)","background-image":"","background-repeat":"repeat","background-position":"center center","background-size":"auto","background-attachment":"scroll","background-type":"","background-media":"","overlay-type":"","overlay-color":"","overlay-opacity":"","overlay-gradient":""},"tablet":{"background-color":"","background-image":"","background-repeat":"repeat","background-position":"center center","background-size":"auto","background-attachment":"scroll","background-type":"","background-media":"","overlay-type":"","overlay-color":"","overlay-opacity":"","overlay-gradient":""},"mobile":{"background-color":"","background-image":"","background-repeat":"repeat","background-position":"center center","background-size":"auto","background-attachment":"scroll","background-type":"","background-media":"","overlay-type":"","overlay-color":"","overlay-opacity":"","overlay-gradient":""}},"ast-content-background-meta":{"desktop":{"background-color":"var(--ast-global-color-5)","background-image":"","background-repeat":"repeat","background-position":"center center","background-size":"auto","background-attachment":"scroll","background-type":"","background-media":"","overlay-type":"","overlay-color":"","overlay-opacity":"","overlay-gradient":""},"tablet":{"background-color":"var(--ast-global-color-5)","background-image":"","background-repeat":"repeat","background-position":"center center","background-size":"auto","background-attachment":"scroll","background-type":"","background-media":"","overlay-type":"","overlay-color":"","overlay-opacity":"","overlay-gradient":""},"mobile":{"background-color":"var(--ast-global-color-5)","background-image":"","background-repeat":"repeat","background-position":"center center","background-size":"auto","background-attachment":"scroll","background-type":"","background-media":"","overlay-type":"","overlay-color":"","overlay-opacity":"","overlay-gradient":""}},"footnotes":""},"class_list":["post-1208","page","type-page","status-publish","hentry"],"_hostinger_reach_plugin_has_subscription_block":false,"_hostinger_reach_plugin_is_elementor":false,"uagb_featured_image_src":{"full":false,"thumbnail":false,"medium":false,"medium_large":false,"large":false,"1536x1536":false,"2048x2048":false,"trp-custom-language-flag":false},"uagb_author_info":{"display_name":"candleauroras@gmail.com","author_link":"https:\/\/aurorascandle.com\/es\/author\/candleaurorasgmail-com\/"},"uagb_comment_info":0,"uagb_excerpt":null,"_links":{"self":[{"href":"https:\/\/aurorascandle.com\/es\/wp-json\/wp\/v2\/pages\/1208","targetHints":{"allow":["GET"]}}],"collection":[{"href":"https:\/\/aurorascandle.com\/es\/wp-json\/wp\/v2\/pages"}],"about":[{"href":"https:\/\/aurorascandle.com\/es\/wp-json\/wp\/v2\/types\/page"}],"author":[{"embeddable":true,"href":"https:\/\/aurorascandle.com\/es\/wp-json\/wp\/v2\/users\/1"}],"replies":[{"embeddable":true,"href":"https:\/\/aurorascandle.com\/es\/wp-json\/wp\/v2\/comments?post=1208"}],"version-history":[{"count":8,"href":"https:\/\/aurorascandle.com\/es\/wp-json\/wp\/v2\/pages\/1208\/revisions"}],"predecessor-version":[{"id":1669,"href":"https:\/\/aurorascandle.com\/es\/wp-json\/wp\/v2\/pages\/1208\/revisions\/1669"}],"wp:attachment":[{"href":"https:\/\/aurorascandle.com\/es\/wp-json\/wp\/v2\/media?parent=1208"}],"curies":[{"name":"wp","href":"https:\/\/api.w.org\/{rel}","templated":true}]}}