{"id":1189,"date":"2025-10-31T00:04:37","date_gmt":"2025-10-31T00:04:37","guid":{"rendered":"https:\/\/aurorascandle.com\/?page_id=1189"},"modified":"2025-12-21T23:05:50","modified_gmt":"2025-12-21T23:05:50","slug":"baby-shower","status":"publish","type":"page","link":"https:\/\/aurorascandle.com\/es\/baby-shower\/","title":{"rendered":"Baby Shower"},"content":{"rendered":"<p><\/p>\n\n\n\n<div class=\"wp-block-uagb-container uagb-block-wtgiabss alignfull uagb-is-root-container\"><div class=\"uagb-container-inner-blocks-wrap\">\n<div class=\"wp-block-uagb-info-box uagb-block-egflul3n uagb-infobox__content-wrap  uagb-infobox-icon-above-title uagb-infobox-image-valign-top\"><div class=\"uagb-ifb-content\"><div class=\"uagb-ifb-title-wrap\"><h2 class=\"uagb-ifb-title\">baby shower<\/h2><\/div><p class=\"uagb-ifb-desc\">Cada detalle se elige con amor para celebrar la llegada de una nueva vida. En <strong>Aurora&#8217;s Candle,  <\/strong>Personalizamos aromas, colores y dise\u00f1os que reflejan la ternura, la esperanza y la inmensa alegr\u00eda de este momento tan especial. M\u00e1s que un detalle, es un gesto lleno de cari\u00f1o que ilumina tu baby shower y queda guardado como un recuerdo inolvidable.<\/p><\/div><\/div>\n\n\n\n<div class=\"wp-block-uagb-container uagb-layout-grid uagb-block-icixikws\">\n<div class=\"wp-block-uagb-image alignleft uagb-block-9ndvslnj wp-block-uagb-image--layout-default wp-block-uagb-image--effect-static wp-block-uagb-image--align-left\"><figure class=\"wp-block-uagb-image__figure\"><img decoding=\"async\" srcset=\"https:\/\/aurorascandle.com\/wp-content\/uploads\/2025\/10\/baby-shower-2-1024x1024.png ,https:\/\/aurorascandle.com\/wp-content\/uploads\/2025\/10\/baby-shower-2.png 780w, https:\/\/aurorascandle.com\/wp-content\/uploads\/2025\/10\/baby-shower-2.png 360w\" sizes=\"auto, (max-width: 480px) 150px\" src=\"https:\/\/aurorascandle.com\/wp-content\/uploads\/2025\/10\/baby-shower-2-1024x1024.png\" alt=\"baby shower (2)\" class=\"uag-image-1190\" width=\"384\" height=\"384\" title=\"baby shower (2)\" loading=\"lazy\" role=\"img\"\/><\/figure><\/div>\n\n\n\n<div class=\"wp-block-uagb-image alignleft uagb-block-3piwlwjo wp-block-uagb-image--layout-default wp-block-uagb-image--effect-static wp-block-uagb-image--align-left\"><figure class=\"wp-block-uagb-image__figure\"><img decoding=\"async\" srcset=\"https:\/\/aurorascandle.com\/wp-content\/uploads\/2025\/11\/WhatsApp-Image-2025-11-07-at-19.36.39-1024x936.jpeg ,https:\/\/aurorascandle.com\/wp-content\/uploads\/2025\/11\/WhatsApp-Image-2025-11-07-at-19.36.39.jpeg 780w, https:\/\/aurorascandle.com\/wp-content\/uploads\/2025\/11\/WhatsApp-Image-2025-11-07-at-19.36.39.jpeg 360w\" sizes=\"auto, (max-width: 480px) 150px\" src=\"https:\/\/aurorascandle.com\/wp-content\/uploads\/2025\/11\/WhatsApp-Image-2025-11-07-at-19.36.39-1024x936.jpeg\" alt=\"whatsapp image 2025 11 07 at 19.36.39\" class=\"uag-image-1303\" width=\"384\" height=\"384\" title=\"whatsapp image 2025 11 07 at 19.36.39\" loading=\"lazy\" role=\"img\"\/><\/figure><\/div>\n\n\n\n<div class=\"wp-block-uagb-image alignleft uagb-block-t46sawij wp-block-uagb-image--layout-default wp-block-uagb-image--effect-static wp-block-uagb-image--align-left\"><figure class=\"wp-block-uagb-image__figure\"><img decoding=\"async\" srcset=\"https:\/\/aurorascandle.com\/wp-content\/uploads\/2025\/11\/WhatsApp-Image-2025-11-07-at-22.10.01-1024x915.jpeg ,https:\/\/aurorascandle.com\/wp-content\/uploads\/2025\/11\/WhatsApp-Image-2025-11-07-at-22.10.01.jpeg 780w, https:\/\/aurorascandle.com\/wp-content\/uploads\/2025\/11\/WhatsApp-Image-2025-11-07-at-22.10.01.jpeg 360w\" sizes=\"auto, (max-width: 480px) 150px\" src=\"https:\/\/aurorascandle.com\/wp-content\/uploads\/2025\/11\/WhatsApp-Image-2025-11-07-at-22.10.01-1024x915.jpeg\" alt=\"whatsapp image 2025 11 07 at 22.10.01\" class=\"uag-image-1318\" width=\"384\" height=\"384\" title=\"whatsapp image 2025 11 07 at 22.10.01\" loading=\"lazy\" role=\"img\"\/><\/figure><\/div>\n\n\n\n<div class=\"wp-block-uagb-image alignleft uagb-block-cetc7k4e wp-block-uagb-image--layout-default wp-block-uagb-image--effect-static wp-block-uagb-image--align-left\"><figure class=\"wp-block-uagb-image__figure\"><img decoding=\"async\" srcset=\"https:\/\/aurorascandle.com\/wp-content\/uploads\/2025\/11\/WhatsApp-Image-2025-11-07-at-19.42.08-765x1024.jpeg ,https:\/\/aurorascandle.com\/wp-content\/uploads\/2025\/11\/WhatsApp-Image-2025-11-07-at-19.42.08.jpeg 780w, https:\/\/aurorascandle.com\/wp-content\/uploads\/2025\/11\/WhatsApp-Image-2025-11-07-at-19.42.08.jpeg 360w\" sizes=\"auto, (max-width: 480px) 150px\" src=\"https:\/\/aurorascandle.com\/wp-content\/uploads\/2025\/11\/WhatsApp-Image-2025-11-07-at-19.42.08-765x1024.jpeg\" alt=\"whatsapp image 2025 11 07 at 19.42.08\" class=\"uag-image-1310\" width=\"384\" height=\"384\" title=\"whatsapp image 2025 11 07 at 19.42.08\" loading=\"lazy\" role=\"img\"\/><\/figure><\/div>\n\n\n\n<div class=\"wp-block-uagb-image alignleft uagb-block-j7vbfqrf wp-block-uagb-image--layout-default wp-block-uagb-image--effect-static wp-block-uagb-image--align-left\"><figure class=\"wp-block-uagb-image__figure\"><img decoding=\"async\" srcset=\"https:\/\/aurorascandle.com\/wp-content\/uploads\/2025\/11\/WhatsApp-Image-2025-11-07-at-19.36.40-1-855x1024.jpeg ,https:\/\/aurorascandle.com\/wp-content\/uploads\/2025\/11\/WhatsApp-Image-2025-11-07-at-19.36.40-1.jpeg 780w, https:\/\/aurorascandle.com\/wp-content\/uploads\/2025\/11\/WhatsApp-Image-2025-11-07-at-19.36.40-1.jpeg 360w\" sizes=\"auto, (max-width: 480px) 150px\" src=\"https:\/\/aurorascandle.com\/wp-content\/uploads\/2025\/11\/WhatsApp-Image-2025-11-07-at-19.36.40-1-855x1024.jpeg\" alt=\"whatsapp image 2025 11 07 at 19.36.40 (1)\" class=\"uag-image-1304\" width=\"384\" height=\"384\" title=\"whatsapp image 2025 11 07 at 19.36.40 (1)\" loading=\"lazy\" role=\"img\"\/><\/figure><\/div>\n\n\n\n<div class=\"wp-block-uagb-image alignleft uagb-block-eaxh9lue wp-block-uagb-image--layout-default wp-block-uagb-image--effect-static wp-block-uagb-image--align-left\"><figure class=\"wp-block-uagb-image__figure\"><img decoding=\"async\" srcset=\"https:\/\/aurorascandle.com\/wp-content\/uploads\/2025\/11\/WhatsApp-Image-2025-11-07-at-19.38.15-1024x915.jpeg ,https:\/\/aurorascandle.com\/wp-content\/uploads\/2025\/11\/WhatsApp-Image-2025-11-07-at-19.38.15.jpeg 780w, https:\/\/aurorascandle.com\/wp-content\/uploads\/2025\/11\/WhatsApp-Image-2025-11-07-at-19.38.15.jpeg 360w\" sizes=\"auto, (max-width: 480px) 150px\" src=\"https:\/\/aurorascandle.com\/wp-content\/uploads\/2025\/11\/WhatsApp-Image-2025-11-07-at-19.38.15-1024x915.jpeg\" alt=\"whatsapp image 2025 11 07 at 19.38.15\" class=\"uag-image-1305\" width=\"384\" height=\"384\" title=\"whatsapp image 2025 11 07 at 19.38.15\" loading=\"lazy\" role=\"img\"\/><\/figure><\/div>\n<\/div>\n<\/div><\/div>","protected":false},"excerpt":{"rendered":"","protected":false},"author":1,"featured_media":0,"parent":0,"menu_order":0,"comment_status":"closed","ping_status":"closed","template":"","meta":{"_uag_custom_page_level_css":"","site-sidebar-layout":"default","site-content-layout":"","ast-site-content-layout":"default","site-content-style":"default","site-sidebar-style":"default","ast-global-header-display":"","ast-banner-title-visibility":"","ast-main-header-display":"","ast-hfb-above-header-display":"","ast-hfb-below-header-display":"","ast-hfb-mobile-header-display":"","site-post-title":"","ast-breadcrumbs-content":"","ast-featured-img":"","footer-sml-layout":"","theme-transparent-header-meta":"","adv-header-id-meta":"","stick-header-meta":"","header-above-stick-meta":"","header-main-stick-meta":"","header-below-stick-meta":"","astra-migrate-meta-layouts":"set","ast-page-background-enabled":"default","ast-page-background-meta":{"desktop":{"background-color":"var(--ast-global-color-4)","background-image":"","background-repeat":"repeat","background-position":"center center","background-size":"auto","background-attachment":"scroll","background-type":"","background-media":"","overlay-type":"","overlay-color":"","overlay-opacity":"","overlay-gradient":""},"tablet":{"background-color":"","background-image":"","background-repeat":"repeat","background-position":"center center","background-size":"auto","background-attachment":"scroll","background-type":"","background-media":"","overlay-type":"","overlay-color":"","overlay-opacity":"","overlay-gradient":""},"mobile":{"background-color":"","background-image":"","background-repeat":"repeat","background-position":"center center","background-size":"auto","background-attachment":"scroll","background-type":"","background-media":"","overlay-type":"","overlay-color":"","overlay-opacity":"","overlay-gradient":""}},"ast-content-background-meta":{"desktop":{"background-color":"var(--ast-global-color-5)","background-image":"","background-repeat":"repeat","background-position":"center center","background-size":"auto","background-attachment":"scroll","background-type":"","background-media":"","overlay-type":"","overlay-color":"","overlay-opacity":"","overlay-gradient":""},"tablet":{"background-color":"var(--ast-global-color-5)","background-image":"","background-repeat":"repeat","background-position":"center center","background-size":"auto","background-attachment":"scroll","background-type":"","background-media":"","overlay-type":"","overlay-color":"","overlay-opacity":"","overlay-gradient":""},"mobile":{"background-color":"var(--ast-global-color-5)","background-image":"","background-repeat":"repeat","background-position":"center center","background-size":"auto","background-attachment":"scroll","background-type":"","background-media":"","overlay-type":"","overlay-color":"","overlay-opacity":"","overlay-gradient":""}},"footnotes":""},"class_list":["post-1189","page","type-page","status-publish","hentry"],"_hostinger_reach_plugin_has_subscription_block":false,"_hostinger_reach_plugin_is_elementor":false,"uagb_featured_image_src":{"full":false,"thumbnail":false,"medium":false,"medium_large":false,"large":false,"1536x1536":false,"2048x2048":false,"trp-custom-language-flag":false},"uagb_author_info":{"display_name":"candleauroras@gmail.com","author_link":"https:\/\/aurorascandle.com\/es\/author\/candleaurorasgmail-com\/"},"uagb_comment_info":0,"uagb_excerpt":null,"_links":{"self":[{"href":"https:\/\/aurorascandle.com\/es\/wp-json\/wp\/v2\/pages\/1189","targetHints":{"allow":["GET"]}}],"collection":[{"href":"https:\/\/aurorascandle.com\/es\/wp-json\/wp\/v2\/pages"}],"about":[{"href":"https:\/\/aurorascandle.com\/es\/wp-json\/wp\/v2\/types\/page"}],"author":[{"embeddable":true,"href":"https:\/\/aurorascandle.com\/es\/wp-json\/wp\/v2\/users\/1"}],"replies":[{"embeddable":true,"href":"https:\/\/aurorascandle.com\/es\/wp-json\/wp\/v2\/comments?post=1189"}],"version-history":[{"count":8,"href":"https:\/\/aurorascandle.com\/es\/wp-json\/wp\/v2\/pages\/1189\/revisions"}],"predecessor-version":[{"id":1650,"href":"https:\/\/aurorascandle.com\/es\/wp-json\/wp\/v2\/pages\/1189\/revisions\/1650"}],"wp:attachment":[{"href":"https:\/\/aurorascandle.com\/es\/wp-json\/wp\/v2\/media?parent=1189"}],"curies":[{"name":"wp","href":"https:\/\/api.w.org\/{rel}","templated":true}]}}