{"id":1127,"date":"2025-10-30T21:39:52","date_gmt":"2025-10-30T21:39:52","guid":{"rendered":"https:\/\/aurorascandle.com\/?page_id=1127"},"modified":"2025-12-23T06:17:10","modified_gmt":"2025-12-23T06:17:10","slug":"xv","status":"publish","type":"page","link":"https:\/\/aurorascandle.com\/es\/xv\/","title":{"rendered":"Xv"},"content":{"rendered":"<div class=\"wp-block-uagb-container uagb-block-atelfr6p alignfull uagb-is-root-container\"><div class=\"uagb-container-inner-blocks-wrap\">\n<div class=\"wp-block-uagb-info-box uagb-block-cgsz4qf8 uagb-infobox__content-wrap  uagb-infobox-icon-above-title uagb-infobox-image-valign-top\"><div class=\"uagb-ifb-content\"><div class=\"uagb-ifb-title-wrap\"><h2 class=\"uagb-ifb-title\">15 A\u00d1OS<\/h2><\/div><p class=\"uagb-ifb-desc\">Un momento que cambia la vida merece una luz que lo acompa\u00f1e por siempre.<br>En <strong>Aurora&#8217;s Candle<\/strong>Nuestras velas de Quincea\u00f1era est\u00e1n creadas para reflejar tu esencia, tus sue\u00f1os y la magia de este nuevo cap\u00edtulo. Cada llama simboliza crecimiento, esperanza y la belleza de comenzar a brillar con luz propia.<\/p><\/div><\/div>\n\n\n\n<div class=\"wp-block-uagb-container uagb-layout-grid uagb-block-xize1nfj\">\n<div class=\"wp-block-uagb-image alignleft uagb-block-wynu2y10 wp-block-uagb-image--layout-default wp-block-uagb-image--effect-static wp-block-uagb-image--align-left\"><figure class=\"wp-block-uagb-image__figure\"><img decoding=\"async\" srcset=\"https:\/\/aurorascandle.com\/wp-content\/uploads\/2025\/11\/15-a-2-1024x1024.png ,https:\/\/aurorascandle.com\/wp-content\/uploads\/2025\/11\/15-a-2.png 780w, https:\/\/aurorascandle.com\/wp-content\/uploads\/2025\/11\/15-a-2.png 360w\" sizes=\"auto, (max-width: 480px) 150px\" src=\"https:\/\/aurorascandle.com\/wp-content\/uploads\/2025\/11\/15-a-2-1024x1024.png\" alt=\"15 a (2)\" class=\"uag-image-1336\" width=\"384\" height=\"384\" title=\"15 a (2)\" loading=\"lazy\" role=\"img\"\/><\/figure><\/div>\n\n\n\n<div class=\"wp-block-uagb-image alignleft uagb-block-mikbc9fj wp-block-uagb-image--layout-default wp-block-uagb-image--effect-static wp-block-uagb-image--align-left\"><figure class=\"wp-block-uagb-image__figure\"><img decoding=\"async\" srcset=\"https:\/\/aurorascandle.com\/wp-content\/uploads\/2025\/11\/15-a-3-1024x1024.png ,https:\/\/aurorascandle.com\/wp-content\/uploads\/2025\/11\/15-a-3.png 780w, https:\/\/aurorascandle.com\/wp-content\/uploads\/2025\/11\/15-a-3.png 360w\" sizes=\"auto, (max-width: 480px) 150px\" src=\"https:\/\/aurorascandle.com\/wp-content\/uploads\/2025\/11\/15-a-3-1024x1024.png\" alt=\"15 a (3)\" class=\"uag-image-1337\" width=\"384\" height=\"384\" title=\"15 a (3)\" loading=\"lazy\" role=\"img\"\/><\/figure><\/div>\n\n\n\n<div class=\"wp-block-uagb-image alignleft uagb-block-2lr0ir2j wp-block-uagb-image--layout-default wp-block-uagb-image--effect-static wp-block-uagb-image--align-left\"><figure class=\"wp-block-uagb-image__figure\"><img decoding=\"async\" srcset=\"https:\/\/aurorascandle.com\/wp-content\/uploads\/2025\/11\/15-a-4-1024x1024.png ,https:\/\/aurorascandle.com\/wp-content\/uploads\/2025\/11\/15-a-4.png 780w, https:\/\/aurorascandle.com\/wp-content\/uploads\/2025\/11\/15-a-4.png 360w\" sizes=\"auto, (max-width: 480px) 150px\" src=\"https:\/\/aurorascandle.com\/wp-content\/uploads\/2025\/11\/15-a-4-1024x1024.png\" alt=\"15 a (4)\" class=\"uag-image-1338\" width=\"384\" height=\"384\" title=\"15 a (4)\" loading=\"lazy\" role=\"img\"\/><\/figure><\/div>\n\n\n\n<div class=\"wp-block-uagb-image alignleft uagb-block-flvqavun wp-block-uagb-image--layout-default wp-block-uagb-image--effect-static wp-block-uagb-image--align-left\"><figure class=\"wp-block-uagb-image__figure\"><img decoding=\"async\" srcset=\"https:\/\/aurorascandle.com\/wp-content\/uploads\/2025\/11\/15-a-1024x1024.png ,https:\/\/aurorascandle.com\/wp-content\/uploads\/2025\/11\/15-a.png 780w, https:\/\/aurorascandle.com\/wp-content\/uploads\/2025\/11\/15-a.png 360w\" sizes=\"auto, (max-width: 480px) 150px\" src=\"https:\/\/aurorascandle.com\/wp-content\/uploads\/2025\/11\/15-a-1024x1024.png\" alt=\"15 a\" class=\"uag-image-1341\" width=\"384\" height=\"384\" title=\"15 a\" loading=\"lazy\" role=\"img\"\/><\/figure><\/div>\n\n\n\n<div class=\"wp-block-uagb-image alignleft uagb-block-yt2vfgtd wp-block-uagb-image--layout-default wp-block-uagb-image--effect-static wp-block-uagb-image--align-left\"><figure class=\"wp-block-uagb-image__figure\"><img decoding=\"async\" srcset=\"https:\/\/aurorascandle.com\/wp-content\/uploads\/2025\/11\/15-a-6-1024x1024.png ,https:\/\/aurorascandle.com\/wp-content\/uploads\/2025\/11\/15-a-6.png 780w, https:\/\/aurorascandle.com\/wp-content\/uploads\/2025\/11\/15-a-6.png 360w\" sizes=\"auto, (max-width: 480px) 150px\" src=\"https:\/\/aurorascandle.com\/wp-content\/uploads\/2025\/11\/15-a-6-1024x1024.png\" alt=\"15 a (6)\" class=\"uag-image-1340\" width=\"384\" height=\"384\" title=\"15 a (6)\" loading=\"lazy\" role=\"img\"\/><\/figure><\/div>\n\n\n\n<div class=\"wp-block-uagb-image alignleft uagb-block-0zhfxlvw wp-block-uagb-image--layout-default wp-block-uagb-image--effect-static wp-block-uagb-image--align-left\"><figure class=\"wp-block-uagb-image__figure\"><img decoding=\"async\" srcset=\"https:\/\/aurorascandle.com\/wp-content\/uploads\/2025\/11\/15-a-5-1024x1024.png ,https:\/\/aurorascandle.com\/wp-content\/uploads\/2025\/11\/15-a-5.png 780w, https:\/\/aurorascandle.com\/wp-content\/uploads\/2025\/11\/15-a-5.png 360w\" sizes=\"auto, (max-width: 480px) 150px\" src=\"https:\/\/aurorascandle.com\/wp-content\/uploads\/2025\/11\/15-a-5-1024x1024.png\" alt=\"15 a (5)\" class=\"uag-image-1339\" width=\"384\" height=\"384\" title=\"15 a (5)\" loading=\"lazy\" role=\"img\"\/><\/figure><\/div>\n<\/div>\n<\/div><\/div>","protected":false},"excerpt":{"rendered":"","protected":false},"author":1,"featured_media":0,"parent":0,"menu_order":0,"comment_status":"closed","ping_status":"closed","template":"","meta":{"_uag_custom_page_level_css":"","site-sidebar-layout":"default","site-content-layout":"","ast-site-content-layout":"default","site-content-style":"default","site-sidebar-style":"default","ast-global-header-display":"","ast-banner-title-visibility":"","ast-main-header-display":"","ast-hfb-above-header-display":"","ast-hfb-below-header-display":"","ast-hfb-mobile-header-display":"","site-post-title":"disabled","ast-breadcrumbs-content":"","ast-featured-img":"","footer-sml-layout":"","theme-transparent-header-meta":"","adv-header-id-meta":"","stick-header-meta":"","header-above-stick-meta":"","header-main-stick-meta":"","header-below-stick-meta":"","astra-migrate-meta-layouts":"set","ast-page-background-enabled":"default","ast-page-background-meta":{"desktop":{"background-color":"var(--ast-global-color-4)","background-image":"","background-repeat":"repeat","background-position":"center center","background-size":"auto","background-attachment":"scroll","background-type":"","background-media":"","overlay-type":"","overlay-color":"","overlay-opacity":"","overlay-gradient":""},"tablet":{"background-color":"","background-image":"","background-repeat":"repeat","background-position":"center center","background-size":"auto","background-attachment":"scroll","background-type":"","background-media":"","overlay-type":"","overlay-color":"","overlay-opacity":"","overlay-gradient":""},"mobile":{"background-color":"","background-image":"","background-repeat":"repeat","background-position":"center center","background-size":"auto","background-attachment":"scroll","background-type":"","background-media":"","overlay-type":"","overlay-color":"","overlay-opacity":"","overlay-gradient":""}},"ast-content-background-meta":{"desktop":{"background-color":"var(--ast-global-color-5)","background-image":"","background-repeat":"repeat","background-position":"center center","background-size":"auto","background-attachment":"scroll","background-type":"","background-media":"","overlay-type":"","overlay-color":"","overlay-opacity":"","overlay-gradient":""},"tablet":{"background-color":"var(--ast-global-color-5)","background-image":"","background-repeat":"repeat","background-position":"center center","background-size":"auto","background-attachment":"scroll","background-type":"","background-media":"","overlay-type":"","overlay-color":"","overlay-opacity":"","overlay-gradient":""},"mobile":{"background-color":"var(--ast-global-color-5)","background-image":"","background-repeat":"repeat","background-position":"center center","background-size":"auto","background-attachment":"scroll","background-type":"","background-media":"","overlay-type":"","overlay-color":"","overlay-opacity":"","overlay-gradient":""}},"footnotes":""},"class_list":["post-1127","page","type-page","status-publish","hentry"],"_hostinger_reach_plugin_has_subscription_block":false,"_hostinger_reach_plugin_is_elementor":false,"uagb_featured_image_src":{"full":false,"thumbnail":false,"medium":false,"medium_large":false,"large":false,"1536x1536":false,"2048x2048":false,"trp-custom-language-flag":false},"uagb_author_info":{"display_name":"candleauroras@gmail.com","author_link":"https:\/\/aurorascandle.com\/es\/author\/candleaurorasgmail-com\/"},"uagb_comment_info":0,"uagb_excerpt":null,"_links":{"self":[{"href":"https:\/\/aurorascandle.com\/es\/wp-json\/wp\/v2\/pages\/1127","targetHints":{"allow":["GET"]}}],"collection":[{"href":"https:\/\/aurorascandle.com\/es\/wp-json\/wp\/v2\/pages"}],"about":[{"href":"https:\/\/aurorascandle.com\/es\/wp-json\/wp\/v2\/types\/page"}],"author":[{"embeddable":true,"href":"https:\/\/aurorascandle.com\/es\/wp-json\/wp\/v2\/users\/1"}],"replies":[{"embeddable":true,"href":"https:\/\/aurorascandle.com\/es\/wp-json\/wp\/v2\/comments?post=1127"}],"version-history":[{"count":8,"href":"https:\/\/aurorascandle.com\/es\/wp-json\/wp\/v2\/pages\/1127\/revisions"}],"predecessor-version":[{"id":1671,"href":"https:\/\/aurorascandle.com\/es\/wp-json\/wp\/v2\/pages\/1127\/revisions\/1671"}],"wp:attachment":[{"href":"https:\/\/aurorascandle.com\/es\/wp-json\/wp\/v2\/media?parent=1127"}],"curies":[{"name":"wp","href":"https:\/\/api.w.org\/{rel}","templated":true}]}}