{"id":1116,"date":"2025-10-30T21:23:55","date_gmt":"2025-10-30T21:23:55","guid":{"rendered":"https:\/\/aurorascandle.com\/?page_id=1116"},"modified":"2025-12-23T05:47:14","modified_gmt":"2025-12-23T05:47:14","slug":"navidenas","status":"publish","type":"page","link":"https:\/\/aurorascandle.com\/es\/navidenas\/","title":{"rendered":"Christmas Candles"},"content":{"rendered":"<div class=\"wp-block-uagb-container uagb-block-us32axf1 alignfull uagb-is-root-container\"><div class=\"uagb-container-inner-blocks-wrap\">\n<div class=\"wp-block-uagb-info-box uagb-block-fgpf3koo uagb-infobox__content-wrap  uagb-infobox-icon-above-title uagb-infobox-image-valign-top\"><div class=\"uagb-ifb-content\"><div class=\"uagb-ifb-title-wrap\"><h2 class=\"uagb-ifb-title\">VELAS DE NAVIDAD<\/h2><\/div><p class=\"uagb-ifb-desc\">La Navidad vive en los peque\u00f1os detalles: en una luz suave al caer la noche, en un aroma que despierta recuerdos, en momentos compartidos que calientan el coraz\u00f3n.<br>En <strong>Aurora\u2019s Candle<\/strong>Nuestras velas navide\u00f1as est\u00e1n creadas para envolver tu hogar en calidez, fragancias reconfortantes y una atm\u00f3sfera que te invita a detener el tiempo y disfrutar de lo que realmente importa.<\/p><\/div><\/div>\n\n\n\n<div class=\"wp-block-uagb-container uagb-layout-grid uagb-block-pzfh6re5\">\n<div class=\"wp-block-uagb-image uagb-block-e99aupz9 wp-block-uagb-image--layout-default wp-block-uagb-image--effect-static wp-block-uagb-image--align-none\"><figure class=\"wp-block-uagb-image__figure\"><img decoding=\"async\" srcset=\"https:\/\/aurorascandle.com\/wp-content\/uploads\/2025\/11\/72-1024x1024.png ,https:\/\/aurorascandle.com\/wp-content\/uploads\/2025\/11\/72.png 780w, https:\/\/aurorascandle.com\/wp-content\/uploads\/2025\/11\/72.png 360w\" sizes=\"auto, (max-width: 480px) 150px\" src=\"https:\/\/aurorascandle.com\/wp-content\/uploads\/2025\/11\/72-1024x1024.png\" alt=\"72\" class=\"uag-image-1322\" width=\"282\" height=\"282\" title=\"72\" loading=\"lazy\" role=\"img\"\/><\/figure><\/div>\n\n\n\n<div class=\"wp-block-uagb-image uagb-block-8o8greew wp-block-uagb-image--layout-default wp-block-uagb-image--effect-static wp-block-uagb-image--align-none\"><figure class=\"wp-block-uagb-image__figure\"><img decoding=\"async\" srcset=\"https:\/\/aurorascandle.com\/wp-content\/uploads\/2025\/11\/73-1024x1024.png ,https:\/\/aurorascandle.com\/wp-content\/uploads\/2025\/11\/73.png 780w, https:\/\/aurorascandle.com\/wp-content\/uploads\/2025\/11\/73.png 360w\" sizes=\"auto, (max-width: 480px) 150px\" src=\"https:\/\/aurorascandle.com\/wp-content\/uploads\/2025\/11\/73-1024x1024.png\" alt=\"73\" class=\"uag-image-1323\" width=\"282\" height=\"282\" title=\"73\" loading=\"lazy\" role=\"img\"\/><\/figure><\/div>\n\n\n\n<div class=\"wp-block-uagb-image uagb-block-5urqycqx wp-block-uagb-image--layout-default wp-block-uagb-image--effect-static wp-block-uagb-image--align-none\"><figure class=\"wp-block-uagb-image__figure\"><img decoding=\"async\" srcset=\"https:\/\/aurorascandle.com\/wp-content\/uploads\/2025\/11\/74-1024x1024.png ,https:\/\/aurorascandle.com\/wp-content\/uploads\/2025\/11\/74.png 780w, https:\/\/aurorascandle.com\/wp-content\/uploads\/2025\/11\/74.png 360w\" sizes=\"auto, (max-width: 480px) 150px\" src=\"https:\/\/aurorascandle.com\/wp-content\/uploads\/2025\/11\/74-1024x1024.png\" alt=\"74\" class=\"uag-image-1324\" width=\"282\" height=\"282\" title=\"74\" loading=\"lazy\" role=\"img\"\/><\/figure><\/div>\n\n\n\n<div class=\"wp-block-uagb-image uagb-block-cp01rmm6 wp-block-uagb-image--layout-default wp-block-uagb-image--effect-static wp-block-uagb-image--align-none\"><figure class=\"wp-block-uagb-image__figure\"><img decoding=\"async\" srcset=\"https:\/\/aurorascandle.com\/wp-content\/uploads\/2025\/10\/navidad-4-e1765948814365-1008x1024.png ,https:\/\/aurorascandle.com\/wp-content\/uploads\/2025\/10\/navidad-4-e1765948814365.png 780w, https:\/\/aurorascandle.com\/wp-content\/uploads\/2025\/10\/navidad-4-e1765948814365.png 360w\" sizes=\"auto, (max-width: 480px) 150px\" src=\"https:\/\/aurorascandle.com\/wp-content\/uploads\/2025\/10\/navidad-4-e1765948814365-1008x1024.png\" alt=\"navidad (4)\" class=\"uag-image-1119\" width=\"282\" height=\"282\" title=\"navidad (4)\" loading=\"lazy\" role=\"img\"\/><\/figure><\/div>\n\n\n\n<div class=\"wp-block-uagb-info-box uagb-block-5e51a742 uagb-infobox__content-wrap  uagb-infobox-icon-above-title uagb-infobox-image-valign-top\"><div class=\"uagb-ifb-content\"><div class=\"uagb-ifb-title-wrap\"><h3 class=\"uagb-ifb-title\">$20<\/h3><\/div><\/div><\/div>\n\n\n\n<div class=\"wp-block-uagb-info-box uagb-block-4d954219 uagb-infobox__content-wrap  uagb-infobox-icon-above-title uagb-infobox-image-valign-top\"><div class=\"uagb-ifb-content\"><div class=\"uagb-ifb-title-wrap\"><h3 class=\"uagb-ifb-title\">$15<\/h3><\/div><\/div><\/div>\n\n\n\n<div class=\"wp-block-uagb-info-box uagb-block-daaaaa42 uagb-infobox__content-wrap  uagb-infobox-icon-above-title uagb-infobox-image-valign-top\"><div class=\"uagb-ifb-content\"><div class=\"uagb-ifb-title-wrap\"><h3 class=\"uagb-ifb-title\">$10<\/h3><\/div><\/div><\/div>\n\n\n\n<div class=\"wp-block-uagb-info-box uagb-block-6acb329e uagb-infobox__content-wrap  uagb-infobox-icon-above-title uagb-infobox-image-valign-top\"><div class=\"uagb-ifb-content\"><div class=\"uagb-ifb-title-wrap\"><h3 class=\"uagb-ifb-title\">$35<\/h3><\/div><\/div><\/div>\n<\/div>\n\n\n\n<div class=\"wp-block-uagb-container uagb-layout-grid uagb-block-0b867977\">\n<div class=\"wp-block-uagb-image uagb-block-737069cc wp-block-uagb-image--layout-default wp-block-uagb-image--effect-static wp-block-uagb-image--align-none\"><figure class=\"wp-block-uagb-image__figure\"><img decoding=\"async\" srcset=\"https:\/\/aurorascandle.com\/wp-content\/uploads\/2025\/10\/navidad-3-e1765949043842-1024x1011.png ,https:\/\/aurorascandle.com\/wp-content\/uploads\/2025\/10\/navidad-3-e1765949043842.png 780w, https:\/\/aurorascandle.com\/wp-content\/uploads\/2025\/10\/navidad-3-e1765949043842.png 360w\" sizes=\"auto, (max-width: 480px) 150px\" src=\"https:\/\/aurorascandle.com\/wp-content\/uploads\/2025\/10\/navidad-3-e1765949043842-1024x1011.png\" alt=\"navidad (3)\" class=\"uag-image-1118\" width=\"282\" height=\"282\" title=\"navidad (3)\" loading=\"lazy\" role=\"img\"\/><\/figure><\/div>\n\n\n\n<div class=\"wp-block-uagb-image uagb-block-10c53fb1 wp-block-uagb-image--layout-default wp-block-uagb-image--effect-static wp-block-uagb-image--align-none\"><figure class=\"wp-block-uagb-image__figure\"><img decoding=\"async\" srcset=\"https:\/\/aurorascandle.com\/wp-content\/uploads\/2025\/12\/WhatsApp-Image-2025-12-16-at-23.20.44-1024x909.jpeg ,https:\/\/aurorascandle.com\/wp-content\/uploads\/2025\/12\/WhatsApp-Image-2025-12-16-at-23.20.44.jpeg 780w, https:\/\/aurorascandle.com\/wp-content\/uploads\/2025\/12\/WhatsApp-Image-2025-12-16-at-23.20.44.jpeg 360w\" sizes=\"auto, (max-width: 480px) 150px\" src=\"https:\/\/aurorascandle.com\/wp-content\/uploads\/2025\/12\/WhatsApp-Image-2025-12-16-at-23.20.44-1024x909.jpeg\" alt=\"whatsapp image 2025 12 16 at 23.20.44\" class=\"uag-image-1573\" width=\"282\" height=\"282\" title=\"whatsapp image 2025 12 16 at 23.20.44\" loading=\"lazy\" role=\"img\"\/><\/figure><\/div>\n\n\n\n<div class=\"wp-block-uagb-image uagb-block-efdaee2f wp-block-uagb-image--layout-default wp-block-uagb-image--effect-static wp-block-uagb-image--align-none\"><figure class=\"wp-block-uagb-image__figure\"><img decoding=\"async\" srcset=\"https:\/\/aurorascandle.com\/wp-content\/uploads\/2025\/12\/WhatsApp-Image-2025-12-16-at-23.24.02-1024x934.jpeg ,https:\/\/aurorascandle.com\/wp-content\/uploads\/2025\/12\/WhatsApp-Image-2025-12-16-at-23.24.02.jpeg 780w, https:\/\/aurorascandle.com\/wp-content\/uploads\/2025\/12\/WhatsApp-Image-2025-12-16-at-23.24.02.jpeg 360w\" sizes=\"auto, (max-width: 480px) 150px\" src=\"https:\/\/aurorascandle.com\/wp-content\/uploads\/2025\/12\/WhatsApp-Image-2025-12-16-at-23.24.02-1024x934.jpeg\" alt=\"whatsapp image 2025 12 16 at 23.24.02\" class=\"uag-image-1571\" width=\"282\" height=\"282\" title=\"whatsapp image 2025 12 16 at 23.24.02\" loading=\"lazy\" role=\"img\"\/><\/figure><\/div>\n\n\n\n<div class=\"wp-block-uagb-image uagb-block-3744ddd0 wp-block-uagb-image--layout-default wp-block-uagb-image--effect-static wp-block-uagb-image--align-none\"><figure class=\"wp-block-uagb-image__figure\"><img decoding=\"async\" srcset=\"https:\/\/aurorascandle.com\/wp-content\/uploads\/2025\/12\/WhatsApp-Image-2025-12-16-at-23.19.42-1024x946.jpeg ,https:\/\/aurorascandle.com\/wp-content\/uploads\/2025\/12\/WhatsApp-Image-2025-12-16-at-23.19.42.jpeg 780w, https:\/\/aurorascandle.com\/wp-content\/uploads\/2025\/12\/WhatsApp-Image-2025-12-16-at-23.19.42.jpeg 360w\" sizes=\"auto, (max-width: 480px) 150px\" src=\"https:\/\/aurorascandle.com\/wp-content\/uploads\/2025\/12\/WhatsApp-Image-2025-12-16-at-23.19.42-1024x946.jpeg\" alt=\"whatsapp image 2025 12 16 at 23.19.42\" class=\"uag-image-1570\" width=\"282\" height=\"282\" title=\"whatsapp image 2025 12 16 at 23.19.42\" loading=\"lazy\" role=\"img\"\/><\/figure><\/div>\n\n\n\n<div class=\"wp-block-uagb-info-box uagb-block-9458142c uagb-infobox__content-wrap  uagb-infobox-icon-above-title uagb-infobox-image-valign-top\"><div class=\"uagb-ifb-content\"><div class=\"uagb-ifb-title-wrap\"><h3 class=\"uagb-ifb-title\">$35<\/h3><\/div><\/div><\/div>\n\n\n\n<div class=\"wp-block-uagb-info-box uagb-block-4582d34f uagb-infobox__content-wrap  uagb-infobox-icon-above-title uagb-infobox-image-valign-top\"><div class=\"uagb-ifb-content\"><div class=\"uagb-ifb-title-wrap\"><h3 class=\"uagb-ifb-title\">$25<\/h3><\/div><\/div><\/div>\n\n\n\n<div class=\"wp-block-uagb-info-box uagb-block-6817ddd5 uagb-infobox__content-wrap  uagb-infobox-icon-above-title uagb-infobox-image-valign-top\"><div class=\"uagb-ifb-content\"><div class=\"uagb-ifb-title-wrap\"><h3 class=\"uagb-ifb-title\">$20<\/h3><\/div><\/div><\/div>\n\n\n\n<div class=\"wp-block-uagb-info-box uagb-block-20103328 uagb-infobox__content-wrap  uagb-infobox-icon-above-title uagb-infobox-image-valign-top\"><div class=\"uagb-ifb-content\"><div class=\"uagb-ifb-title-wrap\"><h3 class=\"uagb-ifb-title\">$25<\/h3><\/div><\/div><\/div>\n<\/div>\n<\/div><\/div>","protected":false},"excerpt":{"rendered":"","protected":false},"author":1,"featured_media":0,"parent":0,"menu_order":0,"comment_status":"closed","ping_status":"closed","template":"","meta":{"_uag_custom_page_level_css":"","site-sidebar-layout":"default","site-content-layout":"","ast-site-content-layout":"default","site-content-style":"default","site-sidebar-style":"default","ast-global-header-display":"","ast-banner-title-visibility":"","ast-main-header-display":"","ast-hfb-above-header-display":"","ast-hfb-below-header-display":"","ast-hfb-mobile-header-display":"","site-post-title":"disabled","ast-breadcrumbs-content":"","ast-featured-img":"","footer-sml-layout":"","theme-transparent-header-meta":"","adv-header-id-meta":"","stick-header-meta":"","header-above-stick-meta":"","header-main-stick-meta":"","header-below-stick-meta":"","astra-migrate-meta-layouts":"set","ast-page-background-enabled":"default","ast-page-background-meta":{"desktop":{"background-color":"var(--ast-global-color-4)","background-image":"","background-repeat":"repeat","background-position":"center center","background-size":"auto","background-attachment":"scroll","background-type":"","background-media":"","overlay-type":"","overlay-color":"","overlay-opacity":"","overlay-gradient":""},"tablet":{"background-color":"","background-image":"","background-repeat":"repeat","background-position":"center center","background-size":"auto","background-attachment":"scroll","background-type":"","background-media":"","overlay-type":"","overlay-color":"","overlay-opacity":"","overlay-gradient":""},"mobile":{"background-color":"","background-image":"","background-repeat":"repeat","background-position":"center center","background-size":"auto","background-attachment":"scroll","background-type":"","background-media":"","overlay-type":"","overlay-color":"","overlay-opacity":"","overlay-gradient":""}},"ast-content-background-meta":{"desktop":{"background-color":"var(--ast-global-color-5)","background-image":"","background-repeat":"repeat","background-position":"center center","background-size":"auto","background-attachment":"scroll","background-type":"","background-media":"","overlay-type":"","overlay-color":"","overlay-opacity":"","overlay-gradient":""},"tablet":{"background-color":"var(--ast-global-color-5)","background-image":"","background-repeat":"repeat","background-position":"center center","background-size":"auto","background-attachment":"scroll","background-type":"","background-media":"","overlay-type":"","overlay-color":"","overlay-opacity":"","overlay-gradient":""},"mobile":{"background-color":"var(--ast-global-color-5)","background-image":"","background-repeat":"repeat","background-position":"center center","background-size":"auto","background-attachment":"scroll","background-type":"","background-media":"","overlay-type":"","overlay-color":"","overlay-opacity":"","overlay-gradient":""}},"footnotes":""},"class_list":["post-1116","page","type-page","status-publish","hentry"],"_hostinger_reach_plugin_has_subscription_block":false,"_hostinger_reach_plugin_is_elementor":false,"uagb_featured_image_src":{"full":false,"thumbnail":false,"medium":false,"medium_large":false,"large":false,"1536x1536":false,"2048x2048":false,"trp-custom-language-flag":false},"uagb_author_info":{"display_name":"candleauroras@gmail.com","author_link":"https:\/\/aurorascandle.com\/es\/author\/candleaurorasgmail-com\/"},"uagb_comment_info":0,"uagb_excerpt":null,"_links":{"self":[{"href":"https:\/\/aurorascandle.com\/es\/wp-json\/wp\/v2\/pages\/1116","targetHints":{"allow":["GET"]}}],"collection":[{"href":"https:\/\/aurorascandle.com\/es\/wp-json\/wp\/v2\/pages"}],"about":[{"href":"https:\/\/aurorascandle.com\/es\/wp-json\/wp\/v2\/types\/page"}],"author":[{"embeddable":true,"href":"https:\/\/aurorascandle.com\/es\/wp-json\/wp\/v2\/users\/1"}],"replies":[{"embeddable":true,"href":"https:\/\/aurorascandle.com\/es\/wp-json\/wp\/v2\/comments?post=1116"}],"version-history":[{"count":15,"href":"https:\/\/aurorascandle.com\/es\/wp-json\/wp\/v2\/pages\/1116\/revisions"}],"predecessor-version":[{"id":1667,"href":"https:\/\/aurorascandle.com\/es\/wp-json\/wp\/v2\/pages\/1116\/revisions\/1667"}],"wp:attachment":[{"href":"https:\/\/aurorascandle.com\/es\/wp-json\/wp\/v2\/media?parent=1116"}],"curies":[{"name":"wp","href":"https:\/\/api.w.org\/{rel}","templated":true}]}}